{"id":9903,"date":"2024-10-29T20:07:33","date_gmt":"2024-10-29T19:07:33","guid":{"rendered":"https:\/\/ternura.pl\/?product=plaszcz-60-welna-20-kaszmir-40"},"modified":"2024-11-09T01:03:07","modified_gmt":"2024-11-09T00:03:07","slug":"plaszcz-60-welna-20-kaszmir-40","status":"publish","type":"product","link":"https:\/\/ternura.pl\/?product=plaszcz-60-welna-20-kaszmir-40","title":{"rendered":"P\u0142aszcz 60% we\u0142na 20% kaszmir 40"},"content":{"rendered":"","protected":false},"excerpt":{"rendered":"<p>D\u0142ugo\u015b\u0107 od ramienia 88<\/p>\n<p>Szeroko\u015b\u0107 pod pachami 2x 52<\/p>\n<p>D\u0142ugo\u015b\u0107 r\u0119kawa od ramienia 62<\/p>\n<p>Ma\u0142e dziurki w podszewce<br \/>\nBrak paska<br \/>\nPodszewka: 100% acetat<\/p>\n","protected":false},"featured_media":9764,"template":"","meta":{"_monsterinsights_skip_tracking":false,"_monsterinsights_sitenote_active":false,"_monsterinsights_sitenote_note":"","_monsterinsights_sitenote_category":0},"product_brand":[],"product_cat":[58,71],"product_tag":[],"class_list":{"0":"post-9903","1":"product","2":"type-product","3":"status-publish","4":"has-post-thumbnail","6":"product_cat-nowa-dostawa","7":"product_cat-plaszcze","9":"first","10":"outofstock","11":"shipping-taxable","12":"purchasable","13":"product-type-simple"},"aioseo_notices":[],"jetpack_sharing_enabled":true,"_links":{"self":[{"href":"https:\/\/ternura.pl\/index.php?rest_route=\/wp\/v2\/product\/9903","targetHints":{"allow":["GET"]}}],"collection":[{"href":"https:\/\/ternura.pl\/index.php?rest_route=\/wp\/v2\/product"}],"about":[{"href":"https:\/\/ternura.pl\/index.php?rest_route=\/wp\/v2\/types\/product"}],"wp:featuredmedia":[{"embeddable":true,"href":"https:\/\/ternura.pl\/index.php?rest_route=\/wp\/v2\/media\/9764"}],"wp:attachment":[{"href":"https:\/\/ternura.pl\/index.php?rest_route=%2Fwp%2Fv2%2Fmedia&parent=9903"}],"wp:term":[{"taxonomy":"product_brand","embeddable":true,"href":"https:\/\/ternura.pl\/index.php?rest_route=%2Fwp%2Fv2%2Fproduct_brand&post=9903"},{"taxonomy":"product_cat","embeddable":true,"href":"https:\/\/ternura.pl\/index.php?rest_route=%2Fwp%2Fv2%2Fproduct_cat&post=9903"},{"taxonomy":"product_tag","embeddable":true,"href":"https:\/\/ternura.pl\/index.php?rest_route=%2Fwp%2Fv2%2Fproduct_tag&post=9903"}],"curies":[{"name":"wp","href":"https:\/\/api.w.org\/{rel}","templated":true}]}}