{"id":19247,"date":"2026-02-04T22:54:56","date_gmt":"2026-02-04T21:54:56","guid":{"rendered":"https:\/\/ternura.pl\/?product=sweter-50-welna-20-moher-38"},"modified":"2026-02-05T19:18:18","modified_gmt":"2026-02-05T18:18:18","slug":"sweter-50-welna-20-moher-38","status":"publish","type":"product","link":"https:\/\/ternura.pl\/?product=sweter-50-welna-20-moher-38","title":{"rendered":"Sweter 50% we\u0142na 20% modal 38 wada"},"content":{"rendered":"","protected":false},"excerpt":{"rendered":"<p>D\u0142ugo\u015b\u0107 od ramienia 55<\/p>\n<p>Szeroko\u015b\u0107 pod pachami 2x 47<\/p>\n<p>D\u0142ugo\u015b\u0107 r\u0119kawa od ramienia 50<\/p>\n<p>Wydaje si\u0119 troch\u0119 zbity<\/p>\n<p>Uprany, gotowy do za\u0142o\u017cenia.<\/p>\n","protected":false},"featured_media":19177,"template":"","meta":{"_monsterinsights_skip_tracking":false,"_monsterinsights_sitenote_active":false,"_monsterinsights_sitenote_note":"","_monsterinsights_sitenote_category":0},"product_brand":[],"product_cat":[58,159,22],"product_tag":[],"class_list":{"0":"post-19247","1":"product","2":"type-product","3":"status-publish","4":"has-post-thumbnail","6":"product_cat-nowa-dostawa","7":"product_cat-wszystko","8":"product_cat-nowosci","10":"first","11":"instock","12":"shipping-taxable","13":"purchasable","14":"product-type-simple"},"aioseo_notices":[],"jetpack_sharing_enabled":true,"_links":{"self":[{"href":"https:\/\/ternura.pl\/index.php?rest_route=\/wp\/v2\/product\/19247","targetHints":{"allow":["GET"]}}],"collection":[{"href":"https:\/\/ternura.pl\/index.php?rest_route=\/wp\/v2\/product"}],"about":[{"href":"https:\/\/ternura.pl\/index.php?rest_route=\/wp\/v2\/types\/product"}],"wp:featuredmedia":[{"embeddable":true,"href":"https:\/\/ternura.pl\/index.php?rest_route=\/wp\/v2\/media\/19177"}],"wp:attachment":[{"href":"https:\/\/ternura.pl\/index.php?rest_route=%2Fwp%2Fv2%2Fmedia&parent=19247"}],"wp:term":[{"taxonomy":"product_brand","embeddable":true,"href":"https:\/\/ternura.pl\/index.php?rest_route=%2Fwp%2Fv2%2Fproduct_brand&post=19247"},{"taxonomy":"product_cat","embeddable":true,"href":"https:\/\/ternura.pl\/index.php?rest_route=%2Fwp%2Fv2%2Fproduct_cat&post=19247"},{"taxonomy":"product_tag","embeddable":true,"href":"https:\/\/ternura.pl\/index.php?rest_route=%2Fwp%2Fv2%2Fproduct_tag&post=19247"}],"curies":[{"name":"wp","href":"https:\/\/api.w.org\/{rel}","templated":true}]}}