{"id":19237,"date":"2026-02-04T22:54:54","date_gmt":"2026-02-04T21:54:54","guid":{"rendered":"https:\/\/ternura.pl\/?product=sweter-100-kaszmir-wada-6"},"modified":"2026-02-04T22:54:54","modified_gmt":"2026-02-04T21:54:54","slug":"sweter-100-kaszmir-wada-6","status":"publish","type":"product","link":"https:\/\/ternura.pl\/?product=sweter-100-kaszmir-wada-6","title":{"rendered":"Sweter 100% kaszmir wada"},"content":{"rendered":"","protected":false},"excerpt":{"rendered":"<p>D\u0142ugo\u015b\u0107 od ramienia 41.5<\/p>\n<p>Szeroko\u015b\u0107 pod pachami 2x 38.5<\/p>\n<p>D\u0142ugo\u015b\u0107 r\u0119kawa od ramienia 50.5<\/p>\n<p>Skurczony<\/p>\n<p>Uprany, gotowy do za\u0142o\u017cenia.<\/p>\n","protected":false},"featured_media":19138,"template":"","meta":{"_monsterinsights_skip_tracking":false,"_monsterinsights_sitenote_active":false,"_monsterinsights_sitenote_note":"","_monsterinsights_sitenote_category":0},"product_brand":[],"product_cat":[58,159,22],"product_tag":[],"class_list":{"0":"post-19237","1":"product","2":"type-product","3":"status-publish","4":"has-post-thumbnail","6":"product_cat-nowa-dostawa","7":"product_cat-wszystko","8":"product_cat-nowosci","10":"first","11":"instock","12":"shipping-taxable","13":"purchasable","14":"product-type-simple"},"aioseo_notices":[],"jetpack_sharing_enabled":true,"_links":{"self":[{"href":"https:\/\/ternura.pl\/index.php?rest_route=\/wp\/v2\/product\/19237","targetHints":{"allow":["GET"]}}],"collection":[{"href":"https:\/\/ternura.pl\/index.php?rest_route=\/wp\/v2\/product"}],"about":[{"href":"https:\/\/ternura.pl\/index.php?rest_route=\/wp\/v2\/types\/product"}],"wp:featuredmedia":[{"embeddable":true,"href":"https:\/\/ternura.pl\/index.php?rest_route=\/wp\/v2\/media\/19138"}],"wp:attachment":[{"href":"https:\/\/ternura.pl\/index.php?rest_route=%2Fwp%2Fv2%2Fmedia&parent=19237"}],"wp:term":[{"taxonomy":"product_brand","embeddable":true,"href":"https:\/\/ternura.pl\/index.php?rest_route=%2Fwp%2Fv2%2Fproduct_brand&post=19237"},{"taxonomy":"product_cat","embeddable":true,"href":"https:\/\/ternura.pl\/index.php?rest_route=%2Fwp%2Fv2%2Fproduct_cat&post=19237"},{"taxonomy":"product_tag","embeddable":true,"href":"https:\/\/ternura.pl\/index.php?rest_route=%2Fwp%2Fv2%2Fproduct_tag&post=19237"}],"curies":[{"name":"wp","href":"https:\/\/api.w.org\/{rel}","templated":true}]}}