{"id":19045,"date":"2026-01-31T12:06:22","date_gmt":"2026-01-31T11:06:22","guid":{"rendered":"https:\/\/ternura.pl\/?product=koszulka-termoaktywna-100-welna-willmark"},"modified":"2026-02-02T10:08:17","modified_gmt":"2026-02-02T09:08:17","slug":"koszulka-termoaktywna-100-welna-willmark","status":"publish","type":"product","link":"https:\/\/ternura.pl\/?product=koszulka-termoaktywna-100-welna-willmark","title":{"rendered":"Bluza termoaktywna 100% we\u0142na Woolmark"},"content":{"rendered":"","protected":false},"excerpt":{"rendered":"<p>D\u0142ugo\u015b\u0107 od ramienia 65-70<\/p>\n<p>Szeroko\u015b\u0107 pod pachami 2x 44<\/p>\n<p>D\u0142ugo\u015b\u0107 r\u0119kawa od ramienia 65.5<\/p>\n<p>Uprana, gotowa do za\u0142o\u017cenia.<\/p>\n","protected":false},"featured_media":18985,"template":"","meta":{"_monsterinsights_skip_tracking":false,"_monsterinsights_sitenote_active":false,"_monsterinsights_sitenote_note":"","_monsterinsights_sitenote_category":0},"product_brand":[],"product_cat":[58,159],"product_tag":[],"class_list":{"0":"post-19045","1":"product","2":"type-product","3":"status-publish","4":"has-post-thumbnail","6":"product_cat-nowa-dostawa","7":"product_cat-wszystko","9":"first","10":"instock","11":"shipping-taxable","12":"purchasable","13":"product-type-simple"},"aioseo_notices":[],"jetpack_sharing_enabled":true,"_links":{"self":[{"href":"https:\/\/ternura.pl\/index.php?rest_route=\/wp\/v2\/product\/19045","targetHints":{"allow":["GET"]}}],"collection":[{"href":"https:\/\/ternura.pl\/index.php?rest_route=\/wp\/v2\/product"}],"about":[{"href":"https:\/\/ternura.pl\/index.php?rest_route=\/wp\/v2\/types\/product"}],"wp:featuredmedia":[{"embeddable":true,"href":"https:\/\/ternura.pl\/index.php?rest_route=\/wp\/v2\/media\/18985"}],"wp:attachment":[{"href":"https:\/\/ternura.pl\/index.php?rest_route=%2Fwp%2Fv2%2Fmedia&parent=19045"}],"wp:term":[{"taxonomy":"product_brand","embeddable":true,"href":"https:\/\/ternura.pl\/index.php?rest_route=%2Fwp%2Fv2%2Fproduct_brand&post=19045"},{"taxonomy":"product_cat","embeddable":true,"href":"https:\/\/ternura.pl\/index.php?rest_route=%2Fwp%2Fv2%2Fproduct_cat&post=19045"},{"taxonomy":"product_tag","embeddable":true,"href":"https:\/\/ternura.pl\/index.php?rest_route=%2Fwp%2Fv2%2Fproduct_tag&post=19045"}],"curies":[{"name":"wp","href":"https:\/\/api.w.org\/{rel}","templated":true}]}}