{"id":18899,"date":"2026-01-28T17:47:47","date_gmt":"2026-01-28T16:47:47","guid":{"rendered":"https:\/\/ternura.pl\/?product=kurtka-the-north-face-100-puch-s-m"},"modified":"2026-01-28T17:47:47","modified_gmt":"2026-01-28T16:47:47","slug":"kurtka-the-north-face-100-puch-s-m","status":"publish","type":"product","link":"https:\/\/ternura.pl\/?product=kurtka-the-north-face-100-puch-s-m","title":{"rendered":"Kurtka The North Face 100% puch S\/M"},"content":{"rendered":"","protected":false},"excerpt":{"rendered":"<p>D\u0142ugo\u015b\u0107 od ramienia 64<\/p>\n<p>Szeroko\u015b\u0107 pod pachami 2x 53<\/p>\n<p>D\u0142ugo\u015b\u0107 r\u0119kawa od ramienia 57<\/p>\n<p>Szeroko\u015b\u0107 talii 2 x 50.5<br \/>\nSzeroko\u015b\u0107 do\u0142u 2 x 53<br \/>\nD\u0142ugo\u015b\u0107 r\u0119kawa od pachy 49<br \/>\nDelikatne zafarbowanie przy kieszeniach i mankietach<br \/>\nDelikatne przebarwienie od \u015brodka<\/p>\n<p>Uprana i zdezynfekowany. Gotowy do za\u0142o\u017cenia.<\/p>\n","protected":false},"featured_media":18829,"template":"","meta":{"_monsterinsights_skip_tracking":false,"_monsterinsights_sitenote_active":false,"_monsterinsights_sitenote_note":"","_monsterinsights_sitenote_category":0},"product_brand":[],"product_cat":[58,65,159],"product_tag":[],"class_list":{"0":"post-18899","1":"product","2":"type-product","3":"status-publish","4":"has-post-thumbnail","6":"product_cat-nowa-dostawa","7":"product_cat-cienkie-puchowki","8":"product_cat-wszystko","10":"first","11":"instock","12":"shipping-taxable","13":"purchasable","14":"product-type-simple"},"aioseo_notices":[],"jetpack_sharing_enabled":true,"_links":{"self":[{"href":"https:\/\/ternura.pl\/index.php?rest_route=\/wp\/v2\/product\/18899","targetHints":{"allow":["GET"]}}],"collection":[{"href":"https:\/\/ternura.pl\/index.php?rest_route=\/wp\/v2\/product"}],"about":[{"href":"https:\/\/ternura.pl\/index.php?rest_route=\/wp\/v2\/types\/product"}],"wp:featuredmedia":[{"embeddable":true,"href":"https:\/\/ternura.pl\/index.php?rest_route=\/wp\/v2\/media\/18829"}],"wp:attachment":[{"href":"https:\/\/ternura.pl\/index.php?rest_route=%2Fwp%2Fv2%2Fmedia&parent=18899"}],"wp:term":[{"taxonomy":"product_brand","embeddable":true,"href":"https:\/\/ternura.pl\/index.php?rest_route=%2Fwp%2Fv2%2Fproduct_brand&post=18899"},{"taxonomy":"product_cat","embeddable":true,"href":"https:\/\/ternura.pl\/index.php?rest_route=%2Fwp%2Fv2%2Fproduct_cat&post=18899"},{"taxonomy":"product_tag","embeddable":true,"href":"https:\/\/ternura.pl\/index.php?rest_route=%2Fwp%2Fv2%2Fproduct_tag&post=18899"}],"curies":[{"name":"wp","href":"https:\/\/api.w.org\/{rel}","templated":true}]}}