{"id":18863,"date":"2026-01-28T17:47:40","date_gmt":"2026-01-28T16:47:40","guid":{"rendered":"https:\/\/ternura.pl\/?product=szalik-futerko-krolika-2"},"modified":"2026-01-28T17:47:40","modified_gmt":"2026-01-28T16:47:40","slug":"szalik-futerko-krolika-2","status":"publish","type":"product","link":"https:\/\/ternura.pl\/?product=szalik-futerko-krolika-2","title":{"rendered":"Szalik futerko kr\u00f3lika"},"content":{"rendered":"","protected":false},"excerpt":{"rendered":"<p>D\u0142ugo\u015b\u0107 od ramienia 125 x 9<\/p>\n<p>Szeroko\u015b\u0107 pod pachami 2x <\/p>\n<p>D\u0142ugo\u015b\u0107 r\u0119kawa od ramienia <\/p>\n<p>Uprany i zdezynfekowany. Gotowy do za\u0142o\u017cenia.<\/p>\n","protected":false},"featured_media":18745,"template":"","meta":{"_monsterinsights_skip_tracking":false,"_monsterinsights_sitenote_active":false,"_monsterinsights_sitenote_note":"","_monsterinsights_sitenote_category":0},"product_brand":[],"product_cat":[51,58,159],"product_tag":[],"class_list":{"0":"post-18863","1":"product","2":"type-product","3":"status-publish","4":"has-post-thumbnail","6":"product_cat-akcesoria","7":"product_cat-nowa-dostawa","8":"product_cat-wszystko","10":"first","11":"instock","12":"shipping-taxable","13":"purchasable","14":"product-type-simple"},"aioseo_notices":[],"jetpack_sharing_enabled":true,"_links":{"self":[{"href":"https:\/\/ternura.pl\/index.php?rest_route=\/wp\/v2\/product\/18863","targetHints":{"allow":["GET"]}}],"collection":[{"href":"https:\/\/ternura.pl\/index.php?rest_route=\/wp\/v2\/product"}],"about":[{"href":"https:\/\/ternura.pl\/index.php?rest_route=\/wp\/v2\/types\/product"}],"wp:featuredmedia":[{"embeddable":true,"href":"https:\/\/ternura.pl\/index.php?rest_route=\/wp\/v2\/media\/18745"}],"wp:attachment":[{"href":"https:\/\/ternura.pl\/index.php?rest_route=%2Fwp%2Fv2%2Fmedia&parent=18863"}],"wp:term":[{"taxonomy":"product_brand","embeddable":true,"href":"https:\/\/ternura.pl\/index.php?rest_route=%2Fwp%2Fv2%2Fproduct_brand&post=18863"},{"taxonomy":"product_cat","embeddable":true,"href":"https:\/\/ternura.pl\/index.php?rest_route=%2Fwp%2Fv2%2Fproduct_cat&post=18863"},{"taxonomy":"product_tag","embeddable":true,"href":"https:\/\/ternura.pl\/index.php?rest_route=%2Fwp%2Fv2%2Fproduct_tag&post=18863"}],"curies":[{"name":"wp","href":"https:\/\/api.w.org\/{rel}","templated":true}]}}