{"id":18713,"date":"2026-01-22T06:46:29","date_gmt":"2026-01-22T05:46:29","guid":{"rendered":"https:\/\/ternura.pl\/?product=plaszcz-100-welna-6"},"modified":"2026-01-22T06:46:29","modified_gmt":"2026-01-22T05:46:29","slug":"plaszcz-100-welna-6","status":"publish","type":"product","link":"https:\/\/ternura.pl\/?product=plaszcz-100-welna-6","title":{"rendered":"P\u0142aszcz 100% we\u0142na"},"content":{"rendered":"","protected":false},"excerpt":{"rendered":"<p>D\u0142ugo\u015b\u0107 od ramienia 104<\/p>\n<p>Szeroko\u015b\u0107 pod pachami 2x 48<\/p>\n<p>D\u0142ugo\u015b\u0107 r\u0119kawa od ramienia 57<\/p>\n<p>Uprany i zdezynfekowany. Gotowy do za\u0142o\u017cenia.<\/p>\n","protected":false},"featured_media":18640,"template":"","meta":{"_monsterinsights_skip_tracking":false,"_monsterinsights_sitenote_active":false,"_monsterinsights_sitenote_note":"","_monsterinsights_sitenote_category":0},"product_brand":[],"product_cat":[58,159,71],"product_tag":[],"class_list":{"0":"post-18713","1":"product","2":"type-product","3":"status-publish","4":"has-post-thumbnail","6":"product_cat-nowa-dostawa","7":"product_cat-wszystko","8":"product_cat-plaszcze","10":"first","11":"instock","12":"shipping-taxable","13":"purchasable","14":"product-type-simple"},"aioseo_notices":[],"jetpack_sharing_enabled":true,"_links":{"self":[{"href":"https:\/\/ternura.pl\/index.php?rest_route=\/wp\/v2\/product\/18713","targetHints":{"allow":["GET"]}}],"collection":[{"href":"https:\/\/ternura.pl\/index.php?rest_route=\/wp\/v2\/product"}],"about":[{"href":"https:\/\/ternura.pl\/index.php?rest_route=\/wp\/v2\/types\/product"}],"wp:featuredmedia":[{"embeddable":true,"href":"https:\/\/ternura.pl\/index.php?rest_route=\/wp\/v2\/media\/18640"}],"wp:attachment":[{"href":"https:\/\/ternura.pl\/index.php?rest_route=%2Fwp%2Fv2%2Fmedia&parent=18713"}],"wp:term":[{"taxonomy":"product_brand","embeddable":true,"href":"https:\/\/ternura.pl\/index.php?rest_route=%2Fwp%2Fv2%2Fproduct_brand&post=18713"},{"taxonomy":"product_cat","embeddable":true,"href":"https:\/\/ternura.pl\/index.php?rest_route=%2Fwp%2Fv2%2Fproduct_cat&post=18713"},{"taxonomy":"product_tag","embeddable":true,"href":"https:\/\/ternura.pl\/index.php?rest_route=%2Fwp%2Fv2%2Fproduct_tag&post=18713"}],"curies":[{"name":"wp","href":"https:\/\/api.w.org\/{rel}","templated":true}]}}