{"id":18698,"date":"2026-01-22T06:46:24","date_gmt":"2026-01-22T05:46:24","guid":{"rendered":"https:\/\/ternura.pl\/?product=kurtka-50-puch-50-pierze"},"modified":"2026-01-25T16:48:16","modified_gmt":"2026-01-25T15:48:16","slug":"kurtka-50-puch-50-pierze","status":"publish","type":"product","link":"https:\/\/ternura.pl\/?product=kurtka-50-puch-50-pierze","title":{"rendered":"Kurtka 50% puch 50% pierze wada"},"content":{"rendered":"","protected":false},"excerpt":{"rendered":"<p>D\u0142ugo\u015b\u0107 od ramienia 82-89<\/p>\n<p>Szeroko\u015b\u0107 pod pachami 2x 47.5<\/p>\n<p>D\u0142ugo\u015b\u0107 r\u0119kawa od ramienia 62<\/p>\n<p>Na metce rozmiar 34 ale wydaje mi si\u0119 \u017ce jest wi\u0119kszy<br \/>\nBrak jednego zatrzasku (niewidoczne podczas noszenia)<\/p>\n<p>Uprany i zdezynfekowany. Gotowy do za\u0142o\u017cenia.<\/p>\n","protected":false},"featured_media":18551,"template":"","meta":{"_monsterinsights_skip_tracking":false,"_monsterinsights_sitenote_active":false,"_monsterinsights_sitenote_note":"","_monsterinsights_sitenote_category":0},"product_brand":[],"product_cat":[58,159,65],"product_tag":[],"class_list":{"0":"post-18698","1":"product","2":"type-product","3":"status-publish","4":"has-post-thumbnail","6":"product_cat-nowa-dostawa","7":"product_cat-wszystko","8":"product_cat-cienkie-puchowki","10":"first","11":"instock","12":"sale","13":"shipping-taxable","14":"purchasable","15":"product-type-simple"},"aioseo_notices":[],"jetpack_sharing_enabled":true,"_links":{"self":[{"href":"https:\/\/ternura.pl\/index.php?rest_route=\/wp\/v2\/product\/18698","targetHints":{"allow":["GET"]}}],"collection":[{"href":"https:\/\/ternura.pl\/index.php?rest_route=\/wp\/v2\/product"}],"about":[{"href":"https:\/\/ternura.pl\/index.php?rest_route=\/wp\/v2\/types\/product"}],"wp:featuredmedia":[{"embeddable":true,"href":"https:\/\/ternura.pl\/index.php?rest_route=\/wp\/v2\/media\/18551"}],"wp:attachment":[{"href":"https:\/\/ternura.pl\/index.php?rest_route=%2Fwp%2Fv2%2Fmedia&parent=18698"}],"wp:term":[{"taxonomy":"product_brand","embeddable":true,"href":"https:\/\/ternura.pl\/index.php?rest_route=%2Fwp%2Fv2%2Fproduct_brand&post=18698"},{"taxonomy":"product_cat","embeddable":true,"href":"https:\/\/ternura.pl\/index.php?rest_route=%2Fwp%2Fv2%2Fproduct_cat&post=18698"},{"taxonomy":"product_tag","embeddable":true,"href":"https:\/\/ternura.pl\/index.php?rest_route=%2Fwp%2Fv2%2Fproduct_tag&post=18698"}],"curies":[{"name":"wp","href":"https:\/\/api.w.org\/{rel}","templated":true}]}}