{"id":18692,"date":"2026-01-22T06:46:23","date_gmt":"2026-01-22T05:46:23","guid":{"rendered":"https:\/\/ternura.pl\/?product=kurtka-70-puch-30-pierze"},"modified":"2026-01-24T16:30:20","modified_gmt":"2026-01-24T15:30:20","slug":"kurtka-70-puch-30-pierze","status":"publish","type":"product","link":"https:\/\/ternura.pl\/?product=kurtka-70-puch-30-pierze","title":{"rendered":"Kurtka 70% puch 30% pierze L wada"},"content":{"rendered":"","protected":false},"excerpt":{"rendered":"<p>D\u0142ugo\u015b\u0107 od ramienia 75<\/p>\n<p>Szeroko\u015b\u0107 pod pachami 2x 48.5<\/p>\n<p>Szeroko\u015b\u0107 w talii 2x 42<\/p>\n<p>D\u0142ugo\u015b\u0107 r\u0119kawa od ramienia 61.5<\/p>\n<p>Granatowa<\/p>\n<p>Przyci\u0119cia materia\u0142u od \u015brodku suwakiem<\/p>\n<p>Uprany i zdezynfekowany. Gotowy do za\u0142o\u017cenia.<\/p>\n","protected":false},"featured_media":18512,"template":"","meta":{"_monsterinsights_skip_tracking":false,"_monsterinsights_sitenote_active":false,"_monsterinsights_sitenote_note":"","_monsterinsights_sitenote_category":0},"product_brand":[],"product_cat":[58,65,159],"product_tag":[],"class_list":{"0":"post-18692","1":"product","2":"type-product","3":"status-publish","4":"has-post-thumbnail","6":"product_cat-nowa-dostawa","7":"product_cat-cienkie-puchowki","8":"product_cat-wszystko","10":"first","11":"instock","12":"shipping-taxable","13":"purchasable","14":"product-type-simple"},"aioseo_notices":[],"jetpack_sharing_enabled":true,"_links":{"self":[{"href":"https:\/\/ternura.pl\/index.php?rest_route=\/wp\/v2\/product\/18692","targetHints":{"allow":["GET"]}}],"collection":[{"href":"https:\/\/ternura.pl\/index.php?rest_route=\/wp\/v2\/product"}],"about":[{"href":"https:\/\/ternura.pl\/index.php?rest_route=\/wp\/v2\/types\/product"}],"wp:featuredmedia":[{"embeddable":true,"href":"https:\/\/ternura.pl\/index.php?rest_route=\/wp\/v2\/media\/18512"}],"wp:attachment":[{"href":"https:\/\/ternura.pl\/index.php?rest_route=%2Fwp%2Fv2%2Fmedia&parent=18692"}],"wp:term":[{"taxonomy":"product_brand","embeddable":true,"href":"https:\/\/ternura.pl\/index.php?rest_route=%2Fwp%2Fv2%2Fproduct_brand&post=18692"},{"taxonomy":"product_cat","embeddable":true,"href":"https:\/\/ternura.pl\/index.php?rest_route=%2Fwp%2Fv2%2Fproduct_cat&post=18692"},{"taxonomy":"product_tag","embeddable":true,"href":"https:\/\/ternura.pl\/index.php?rest_route=%2Fwp%2Fv2%2Fproduct_tag&post=18692"}],"curies":[{"name":"wp","href":"https:\/\/api.w.org\/{rel}","templated":true}]}}