{"id":16211,"date":"2025-09-30T20:22:41","date_gmt":"2025-09-30T18:22:41","guid":{"rendered":"https:\/\/ternura.pl\/?product=sweter-32-moher-32-welna-s"},"modified":"2026-01-18T19:52:48","modified_gmt":"2026-01-18T18:52:48","slug":"sweter-32-moher-32-welna-s","status":"publish","type":"product","link":"https:\/\/ternura.pl\/?product=sweter-32-moher-32-welna-s","title":{"rendered":"Sweter 32% moher 32% we\u0142na S"},"content":{"rendered":"","protected":false},"excerpt":{"rendered":"<p>D\u0142ugo\u015b\u0107 od ramienia <\/p>\n<p>Szeroko\u015b\u0107 pod pachami 2x <\/p>\n<p>D\u0142ugo\u015b\u0107 r\u0119kawa od ramienia <\/p>\n<p>Uprany i zdezynfekowany. Gotowy do za\u0142o\u017cenia.<\/p>\n","protected":false},"featured_media":16172,"template":"","meta":{"_monsterinsights_skip_tracking":false,"_monsterinsights_sitenote_active":false,"_monsterinsights_sitenote_note":"","_monsterinsights_sitenote_category":0},"product_brand":[],"product_cat":[159,22],"product_tag":[],"class_list":{"0":"post-16211","1":"product","2":"type-product","3":"status-publish","4":"has-post-thumbnail","6":"product_cat-wszystko","7":"product_cat-nowosci","9":"first","10":"instock","11":"shipping-taxable","12":"purchasable","13":"product-type-simple"},"aioseo_notices":[],"jetpack_sharing_enabled":true,"_links":{"self":[{"href":"https:\/\/ternura.pl\/index.php?rest_route=\/wp\/v2\/product\/16211","targetHints":{"allow":["GET"]}}],"collection":[{"href":"https:\/\/ternura.pl\/index.php?rest_route=\/wp\/v2\/product"}],"about":[{"href":"https:\/\/ternura.pl\/index.php?rest_route=\/wp\/v2\/types\/product"}],"wp:featuredmedia":[{"embeddable":true,"href":"https:\/\/ternura.pl\/index.php?rest_route=\/wp\/v2\/media\/16172"}],"wp:attachment":[{"href":"https:\/\/ternura.pl\/index.php?rest_route=%2Fwp%2Fv2%2Fmedia&parent=16211"}],"wp:term":[{"taxonomy":"product_brand","embeddable":true,"href":"https:\/\/ternura.pl\/index.php?rest_route=%2Fwp%2Fv2%2Fproduct_brand&post=16211"},{"taxonomy":"product_cat","embeddable":true,"href":"https:\/\/ternura.pl\/index.php?rest_route=%2Fwp%2Fv2%2Fproduct_cat&post=16211"},{"taxonomy":"product_tag","embeddable":true,"href":"https:\/\/ternura.pl\/index.php?rest_route=%2Fwp%2Fv2%2Fproduct_tag&post=16211"}],"curies":[{"name":"wp","href":"https:\/\/api.w.org\/{rel}","templated":true}]}}