{"id":16116,"date":"2025-09-28T19:29:35","date_gmt":"2025-09-28T17:29:35","guid":{"rendered":"https:\/\/ternura.pl\/?product=kurtka-zamszowa-2"},"modified":"2026-02-11T20:51:39","modified_gmt":"2026-02-11T19:51:39","slug":"kurtka-zamszowa-2","status":"publish","type":"product","link":"https:\/\/ternura.pl\/?product=kurtka-zamszowa-2","title":{"rendered":"Kurtka zamszowa M"},"content":{"rendered":"","protected":false},"excerpt":{"rendered":"<p>D\u0142ugo\u015b\u0107 od ramienia 49<\/p>\n<p>Szeroko\u015b\u0107 pod pachami 2x 43.5<\/p>\n<p>D\u0142ugo\u015b\u0107 r\u0119kawa od ramienia 61<\/p>\n","protected":false},"featured_media":15984,"template":"","meta":{"_monsterinsights_skip_tracking":false,"_monsterinsights_sitenote_active":false,"_monsterinsights_sitenote_note":"","_monsterinsights_sitenote_category":0},"product_brand":[],"product_cat":[159,69],"product_tag":[],"class_list":{"0":"post-16116","1":"product","2":"type-product","3":"status-publish","4":"has-post-thumbnail","6":"product_cat-wszystko","7":"product_cat-skorzane-kurtki","9":"first","10":"outofstock","11":"shipping-taxable","12":"purchasable","13":"product-type-simple"},"aioseo_notices":[],"jetpack_sharing_enabled":true,"_links":{"self":[{"href":"https:\/\/ternura.pl\/index.php?rest_route=\/wp\/v2\/product\/16116","targetHints":{"allow":["GET"]}}],"collection":[{"href":"https:\/\/ternura.pl\/index.php?rest_route=\/wp\/v2\/product"}],"about":[{"href":"https:\/\/ternura.pl\/index.php?rest_route=\/wp\/v2\/types\/product"}],"wp:featuredmedia":[{"embeddable":true,"href":"https:\/\/ternura.pl\/index.php?rest_route=\/wp\/v2\/media\/15984"}],"wp:attachment":[{"href":"https:\/\/ternura.pl\/index.php?rest_route=%2Fwp%2Fv2%2Fmedia&parent=16116"}],"wp:term":[{"taxonomy":"product_brand","embeddable":true,"href":"https:\/\/ternura.pl\/index.php?rest_route=%2Fwp%2Fv2%2Fproduct_brand&post=16116"},{"taxonomy":"product_cat","embeddable":true,"href":"https:\/\/ternura.pl\/index.php?rest_route=%2Fwp%2Fv2%2Fproduct_cat&post=16116"},{"taxonomy":"product_tag","embeddable":true,"href":"https:\/\/ternura.pl\/index.php?rest_route=%2Fwp%2Fv2%2Fproduct_tag&post=16116"}],"curies":[{"name":"wp","href":"https:\/\/api.w.org\/{rel}","templated":true}]}}