{"id":15291,"date":"2025-09-15T20:03:50","date_gmt":"2025-09-15T18:03:50","guid":{"rendered":"https:\/\/ternura.pl\/?product=sweter-80-welna-jagnieca-s-m"},"modified":"2026-01-18T19:52:45","modified_gmt":"2026-01-18T18:52:45","slug":"sweter-80-welna-jagnieca-s-m","status":"publish","type":"product","link":"https:\/\/ternura.pl\/?product=sweter-80-welna-jagnieca-s-m","title":{"rendered":"Sweter 80% we\u0142na jagni\u0119ca S\/M"},"content":{"rendered":"","protected":false},"excerpt":{"rendered":"<p>D\u0142ugo\u015b\u0107 od ramienia 80<\/p>\n<p>Szeroko\u015b\u0107 pod pachami 2x 49<\/p>\n<p>D\u0142ugo\u015b\u0107 r\u0119kawa od ramienia 65<\/p>\n<p>Rozmiar z metki S, ale na M r\u00f3wnie\u017c b\u0119dzie dobry<\/p>\n<p>Uprany i zdezynfekowany. Gotowy do za\u0142o\u017cenia.<\/p>\n","protected":false},"featured_media":15219,"template":"","meta":{"_monsterinsights_skip_tracking":false,"_monsterinsights_sitenote_active":false,"_monsterinsights_sitenote_note":"","_monsterinsights_sitenote_category":0},"product_brand":[142],"product_cat":[22,159],"product_tag":[],"class_list":{"0":"post-15291","1":"product","2":"type-product","3":"status-publish","4":"has-post-thumbnail","6":"product_brand-samsoe-samsoe","7":"product_cat-nowosci","8":"product_cat-wszystko","9":"pa_rozmiar-36-s","11":"first","12":"instock","13":"shipping-taxable","14":"purchasable","15":"product-type-simple"},"aioseo_notices":[],"jetpack_sharing_enabled":true,"_links":{"self":[{"href":"https:\/\/ternura.pl\/index.php?rest_route=\/wp\/v2\/product\/15291","targetHints":{"allow":["GET"]}}],"collection":[{"href":"https:\/\/ternura.pl\/index.php?rest_route=\/wp\/v2\/product"}],"about":[{"href":"https:\/\/ternura.pl\/index.php?rest_route=\/wp\/v2\/types\/product"}],"wp:featuredmedia":[{"embeddable":true,"href":"https:\/\/ternura.pl\/index.php?rest_route=\/wp\/v2\/media\/15219"}],"wp:attachment":[{"href":"https:\/\/ternura.pl\/index.php?rest_route=%2Fwp%2Fv2%2Fmedia&parent=15291"}],"wp:term":[{"taxonomy":"product_brand","embeddable":true,"href":"https:\/\/ternura.pl\/index.php?rest_route=%2Fwp%2Fv2%2Fproduct_brand&post=15291"},{"taxonomy":"product_cat","embeddable":true,"href":"https:\/\/ternura.pl\/index.php?rest_route=%2Fwp%2Fv2%2Fproduct_cat&post=15291"},{"taxonomy":"product_tag","embeddable":true,"href":"https:\/\/ternura.pl\/index.php?rest_route=%2Fwp%2Fv2%2Fproduct_tag&post=15291"}],"curies":[{"name":"wp","href":"https:\/\/api.w.org\/{rel}","templated":true}]}}