{"id":13455,"date":"2025-05-24T10:00:22","date_gmt":"2025-05-24T08:00:22","guid":{"rendered":"https:\/\/ternura.pl\/?product=sukienka-100-wiskoza-l-2"},"modified":"2025-07-21T18:04:18","modified_gmt":"2025-07-21T16:04:18","slug":"sukienka-100-wiskoza-l-2","status":"publish","type":"product","link":"https:\/\/ternura.pl\/?product=sukienka-100-wiskoza-l-2","title":{"rendered":"Sukienka 100% wiskoza L"},"content":{"rendered":"","protected":false},"excerpt":{"rendered":"<p>D\u0142ugo\u015b\u0107 od ramienia 135<\/p>\n<p>Szeroko\u015b\u0107 pod pachami 2x 44 x 39<\/p>\n<p>D\u0142ugo\u015b\u0107 r\u0119kawa od ramienia 46<\/p>\n<p>Uprana i zdezynfekowana. Gotowa do za\u0142o\u017cenia.<br \/>\nMa kieszenie. Guziczki z masy per\u0142owej<\/p>\n","protected":false},"featured_media":13411,"template":"","meta":{"_monsterinsights_skip_tracking":false,"_monsterinsights_sitenote_active":false,"_monsterinsights_sitenote_note":"","_monsterinsights_sitenote_category":0},"product_brand":[],"product_cat":[64],"product_tag":[],"class_list":{"0":"post-13455","1":"product","2":"type-product","3":"status-publish","4":"has-post-thumbnail","6":"product_cat-sukienki","8":"first","9":"outofstock","10":"sale","11":"shipping-taxable","12":"purchasable","13":"product-type-simple"},"aioseo_notices":[],"jetpack_sharing_enabled":true,"_links":{"self":[{"href":"https:\/\/ternura.pl\/index.php?rest_route=\/wp\/v2\/product\/13455","targetHints":{"allow":["GET"]}}],"collection":[{"href":"https:\/\/ternura.pl\/index.php?rest_route=\/wp\/v2\/product"}],"about":[{"href":"https:\/\/ternura.pl\/index.php?rest_route=\/wp\/v2\/types\/product"}],"wp:featuredmedia":[{"embeddable":true,"href":"https:\/\/ternura.pl\/index.php?rest_route=\/wp\/v2\/media\/13411"}],"wp:attachment":[{"href":"https:\/\/ternura.pl\/index.php?rest_route=%2Fwp%2Fv2%2Fmedia&parent=13455"}],"wp:term":[{"taxonomy":"product_brand","embeddable":true,"href":"https:\/\/ternura.pl\/index.php?rest_route=%2Fwp%2Fv2%2Fproduct_brand&post=13455"},{"taxonomy":"product_cat","embeddable":true,"href":"https:\/\/ternura.pl\/index.php?rest_route=%2Fwp%2Fv2%2Fproduct_cat&post=13455"},{"taxonomy":"product_tag","embeddable":true,"href":"https:\/\/ternura.pl\/index.php?rest_route=%2Fwp%2Fv2%2Fproduct_tag&post=13455"}],"curies":[{"name":"wp","href":"https:\/\/api.w.org\/{rel}","templated":true}]}}