{"id":13447,"date":"2025-05-24T10:00:20","date_gmt":"2025-05-24T08:00:20","guid":{"rendered":"https:\/\/ternura.pl\/?product=koszula-gant-100-len-m"},"modified":"2025-07-11T12:30:03","modified_gmt":"2025-07-11T10:30:03","slug":"koszula-gant-100-len-m","status":"publish","type":"product","link":"https:\/\/ternura.pl\/?product=koszula-gant-100-len-m","title":{"rendered":"Koszula GANT 100% len M"},"content":{"rendered":"","protected":false},"excerpt":{"rendered":"<p>D\u0142ugo\u015b\u0107 od ramienia 60-70<\/p>\n<p>Szeroko\u015b\u0107 pod pachami 2x 53,5<\/p>\n<p>D\u0142ugo\u015b\u0107 r\u0119kawa od ramienia 65<\/p>\n<p>Uprana i zdezynfekowana. Gotowa do za\u0142o\u017cenia.<\/p>\n","protected":false},"featured_media":13441,"template":"","meta":{"_monsterinsights_skip_tracking":false,"_monsterinsights_sitenote_active":false,"_monsterinsights_sitenote_note":"","_monsterinsights_sitenote_category":0},"product_brand":[],"product_cat":[68,60],"product_tag":[],"class_list":{"0":"post-13447","1":"product","2":"type-product","3":"status-publish","4":"has-post-thumbnail","6":"product_cat-len","7":"product_cat-koszule-sukienki","9":"first","10":"outofstock","11":"shipping-taxable","12":"purchasable","13":"product-type-simple"},"aioseo_notices":[],"jetpack_sharing_enabled":true,"_links":{"self":[{"href":"https:\/\/ternura.pl\/index.php?rest_route=\/wp\/v2\/product\/13447","targetHints":{"allow":["GET"]}}],"collection":[{"href":"https:\/\/ternura.pl\/index.php?rest_route=\/wp\/v2\/product"}],"about":[{"href":"https:\/\/ternura.pl\/index.php?rest_route=\/wp\/v2\/types\/product"}],"wp:featuredmedia":[{"embeddable":true,"href":"https:\/\/ternura.pl\/index.php?rest_route=\/wp\/v2\/media\/13441"}],"wp:attachment":[{"href":"https:\/\/ternura.pl\/index.php?rest_route=%2Fwp%2Fv2%2Fmedia&parent=13447"}],"wp:term":[{"taxonomy":"product_brand","embeddable":true,"href":"https:\/\/ternura.pl\/index.php?rest_route=%2Fwp%2Fv2%2Fproduct_brand&post=13447"},{"taxonomy":"product_cat","embeddable":true,"href":"https:\/\/ternura.pl\/index.php?rest_route=%2Fwp%2Fv2%2Fproduct_cat&post=13447"},{"taxonomy":"product_tag","embeddable":true,"href":"https:\/\/ternura.pl\/index.php?rest_route=%2Fwp%2Fv2%2Fproduct_tag&post=13447"}],"curies":[{"name":"wp","href":"https:\/\/api.w.org\/{rel}","templated":true}]}}