{"id":12085,"date":"2025-10-24T21:24:14","date_gmt":"2025-10-24T19:24:14","guid":{"rendered":"https:\/\/ternura.pl\/?product=kurtka-100-zamsz-r-m"},"modified":"2026-01-18T19:52:44","modified_gmt":"2026-01-18T18:52:44","slug":"kurtka-100-zamsz-r-m","status":"publish","type":"product","link":"https:\/\/ternura.pl\/?product=kurtka-100-zamsz-r-m","title":{"rendered":"Kurtka 100% zamsz r M"},"content":{"rendered":"","protected":false},"excerpt":{"rendered":"<p>D\u0142ugo\u015b\u0107 od ramienia 76,5<\/p>\n<p>Szeroko\u015b\u0107 pod pachami 2x 57<\/p>\n<p>D\u0142ugo\u015b\u0107 r\u0119kawa od ramienia 57<\/p>\n<p>Futerko przy kapturze jest naturalne.<\/p>\n<p>&nbsp;<\/p>\n<p>Podszewka: 100% poliester<\/p>\n<p>&nbsp;<\/p>\n","protected":false},"featured_media":12044,"template":"","meta":{"_monsterinsights_skip_tracking":false,"_monsterinsights_sitenote_active":false,"_monsterinsights_sitenote_note":"","_monsterinsights_sitenote_category":0},"product_brand":[],"product_cat":[58,159],"product_tag":[],"class_list":{"0":"post-12085","1":"product","2":"type-product","3":"status-publish","4":"has-post-thumbnail","6":"product_cat-nowa-dostawa","7":"product_cat-wszystko","9":"first","10":"instock","11":"shipping-taxable","12":"purchasable","13":"product-type-simple"},"aioseo_notices":[],"jetpack_sharing_enabled":true,"_links":{"self":[{"href":"https:\/\/ternura.pl\/index.php?rest_route=\/wp\/v2\/product\/12085","targetHints":{"allow":["GET"]}}],"collection":[{"href":"https:\/\/ternura.pl\/index.php?rest_route=\/wp\/v2\/product"}],"about":[{"href":"https:\/\/ternura.pl\/index.php?rest_route=\/wp\/v2\/types\/product"}],"wp:featuredmedia":[{"embeddable":true,"href":"https:\/\/ternura.pl\/index.php?rest_route=\/wp\/v2\/media\/12044"}],"wp:attachment":[{"href":"https:\/\/ternura.pl\/index.php?rest_route=%2Fwp%2Fv2%2Fmedia&parent=12085"}],"wp:term":[{"taxonomy":"product_brand","embeddable":true,"href":"https:\/\/ternura.pl\/index.php?rest_route=%2Fwp%2Fv2%2Fproduct_brand&post=12085"},{"taxonomy":"product_cat","embeddable":true,"href":"https:\/\/ternura.pl\/index.php?rest_route=%2Fwp%2Fv2%2Fproduct_cat&post=12085"},{"taxonomy":"product_tag","embeddable":true,"href":"https:\/\/ternura.pl\/index.php?rest_route=%2Fwp%2Fv2%2Fproduct_tag&post=12085"}],"curies":[{"name":"wp","href":"https:\/\/api.w.org\/{rel}","templated":true}]}}