{"id":11438,"date":"2025-01-15T19:50:45","date_gmt":"2025-01-15T18:50:45","guid":{"rendered":"https:\/\/ternura.pl\/?product=kurtka-jan-mayen-100-puch-r-50"},"modified":"2025-02-16T22:22:19","modified_gmt":"2025-02-16T21:22:19","slug":"kurtka-jan-mayen-100-puch-r-50","status":"publish","type":"product","link":"https:\/\/ternura.pl\/?product=kurtka-jan-mayen-100-puch-r-50","title":{"rendered":"Kurtka Jan Mayen 100% puch r 50"},"content":{"rendered":"","protected":false},"excerpt":{"rendered":"<p>D\u0142ugo\u015b\u0107 od ramienia 77<\/p>\n<p>Szeroko\u015b\u0107 pod pachami 2x 56,5<\/p>\n<p>Szeroko\u015b\u0107 w talii 2x 52,5<\/p>\n<p>D\u0142ugo\u015b\u0107 r\u0119kawa od ramienia 68<\/p>\n<p>Farba schodzi z zamk\u00f3w suwaka<\/p>\n<p>Uprany i zdezynfekowany. Gotowy do za\u0142o\u017cenia.<\/p>\n","protected":false},"featured_media":11388,"template":"","meta":{"_monsterinsights_skip_tracking":false,"_monsterinsights_sitenote_active":false,"_monsterinsights_sitenote_note":"","_monsterinsights_sitenote_category":0},"product_brand":[],"product_cat":[58,65],"product_tag":[],"class_list":{"0":"post-11438","1":"product","2":"type-product","3":"status-publish","4":"has-post-thumbnail","6":"product_cat-nowa-dostawa","7":"product_cat-cienkie-puchowki","9":"first","10":"outofstock","11":"sale","12":"shipping-taxable","13":"purchasable","14":"product-type-simple"},"aioseo_notices":[],"jetpack_sharing_enabled":true,"_links":{"self":[{"href":"https:\/\/ternura.pl\/index.php?rest_route=\/wp\/v2\/product\/11438","targetHints":{"allow":["GET"]}}],"collection":[{"href":"https:\/\/ternura.pl\/index.php?rest_route=\/wp\/v2\/product"}],"about":[{"href":"https:\/\/ternura.pl\/index.php?rest_route=\/wp\/v2\/types\/product"}],"wp:featuredmedia":[{"embeddable":true,"href":"https:\/\/ternura.pl\/index.php?rest_route=\/wp\/v2\/media\/11388"}],"wp:attachment":[{"href":"https:\/\/ternura.pl\/index.php?rest_route=%2Fwp%2Fv2%2Fmedia&parent=11438"}],"wp:term":[{"taxonomy":"product_brand","embeddable":true,"href":"https:\/\/ternura.pl\/index.php?rest_route=%2Fwp%2Fv2%2Fproduct_brand&post=11438"},{"taxonomy":"product_cat","embeddable":true,"href":"https:\/\/ternura.pl\/index.php?rest_route=%2Fwp%2Fv2%2Fproduct_cat&post=11438"},{"taxonomy":"product_tag","embeddable":true,"href":"https:\/\/ternura.pl\/index.php?rest_route=%2Fwp%2Fv2%2Fproduct_tag&post=11438"}],"curies":[{"name":"wp","href":"https:\/\/api.w.org\/{rel}","templated":true}]}}