{"id":10718,"date":"2024-11-25T20:36:49","date_gmt":"2024-11-25T19:36:49","guid":{"rendered":"https:\/\/ternura.pl\/?product=woreczek-z-suszonymi-kwiatami-lawendy"},"modified":"2025-09-15T20:08:39","modified_gmt":"2025-09-15T18:08:39","slug":"woreczek-z-suszonymi-kwiatami-lawendy","status":"publish","type":"product","link":"https:\/\/ternura.pl\/?product=woreczek-z-suszonymi-kwiatami-lawendy","title":{"rendered":"Woreczek z suszonymi kwiatami lawendy"},"content":{"rendered":"","protected":false},"excerpt":{"rendered":"<p><strong>Woreczek z suszon\u0105 lawend\u0105<\/strong><\/p>\n<p>Subtelny i praktyczny woreczek z organzy wype\u0142niony suszonymi kwiatami lawendy. Naturalny zapach lawendy nie tylko otuli Twoje ubrania, ale tak\u017ce skutecznie odstraszy mole ubraniowe, chroni\u0105c Twoj\u0105 garderob\u0119.<\/p>\n<p>Sprawdzi si\u0119 do powieszenia w szafie, umieszczenia w szufladach z bielizn\u0105 czy w walizce podczas podr\u00f3\u017cy. Idealny drobiazg dla os\u00f3b, kt\u00f3re ceni\u0105 prostot\u0119 i skuteczne rozwi\u0105zania w piel\u0119gnacji swojej garderoby.<\/p>\n","protected":false},"featured_media":10547,"template":"","meta":{"_monsterinsights_skip_tracking":false,"_monsterinsights_sitenote_active":false,"_monsterinsights_sitenote_note":"","_monsterinsights_sitenote_category":0},"product_brand":[],"product_cat":[22,51],"product_tag":[],"class_list":{"0":"post-10718","1":"product","2":"type-product","3":"status-publish","4":"has-post-thumbnail","6":"product_cat-nowosci","7":"product_cat-akcesoria","9":"first","10":"instock","11":"shipping-taxable","12":"purchasable","13":"product-type-simple"},"aioseo_notices":[],"jetpack_sharing_enabled":true,"_links":{"self":[{"href":"https:\/\/ternura.pl\/index.php?rest_route=\/wp\/v2\/product\/10718","targetHints":{"allow":["GET"]}}],"collection":[{"href":"https:\/\/ternura.pl\/index.php?rest_route=\/wp\/v2\/product"}],"about":[{"href":"https:\/\/ternura.pl\/index.php?rest_route=\/wp\/v2\/types\/product"}],"wp:featuredmedia":[{"embeddable":true,"href":"https:\/\/ternura.pl\/index.php?rest_route=\/wp\/v2\/media\/10547"}],"wp:attachment":[{"href":"https:\/\/ternura.pl\/index.php?rest_route=%2Fwp%2Fv2%2Fmedia&parent=10718"}],"wp:term":[{"taxonomy":"product_brand","embeddable":true,"href":"https:\/\/ternura.pl\/index.php?rest_route=%2Fwp%2Fv2%2Fproduct_brand&post=10718"},{"taxonomy":"product_cat","embeddable":true,"href":"https:\/\/ternura.pl\/index.php?rest_route=%2Fwp%2Fv2%2Fproduct_cat&post=10718"},{"taxonomy":"product_tag","embeddable":true,"href":"https:\/\/ternura.pl\/index.php?rest_route=%2Fwp%2Fv2%2Fproduct_tag&post=10718"}],"curies":[{"name":"wp","href":"https:\/\/api.w.org\/{rel}","templated":true}]}}