{"id":109,"date":"2023-07-28T15:41:27","date_gmt":"2023-07-28T13:41:27","guid":{"rendered":"https:\/\/ternura.pl\/?page_id=109"},"modified":"2023-07-28T15:41:29","modified_gmt":"2023-07-28T13:41:29","slug":"polityka-prywatnosci","status":"publish","type":"page","link":"https:\/\/ternura.pl\/?page_id=109","title":{"rendered":"Polityka prywatno\u015bci"},"content":{"rendered":"\n<p><strong>ADMINISTRACJA DANYMI<\/strong><\/p>\n\n\n\n<p>1. Administratorem Danych Osobowych jest firma Karmelova Karolina Ksi\u0119\u017copolska, wpisan\u0105 do Centralnej Ewidencji i Informacji o Dzia\u0142alno\u015bci Gospodarczej (CEIDG) prowadzonej przez ministra w\u0142a\u015bciwego do spraw gospodarki i prowadzenia Centralnej Ewidencji i Informacji o Dzia\u0142alno\u015bci Gospodarczej, NIP 5213988423, nr REGON 523418329. (dalej: \u201eAdministrator\u201d).<\/p>\n\n\n\n<p>2. U\u017cytkownik nie jest zobligowany do udost\u0119pnienia nam swoich danych osobowych. Jednak\u017ce odmowa przez U\u017cytkownika przekazania lub udost\u0119pnienia danych niezb\u0119dnych do \u015bwiadczenia Us\u0142ug powoduje usprawiedliwiony brak mo\u017cliwo\u015bci jej \u015bwiadczenia przez Administratora.<\/p>\n\n\n\n<p>*Podstawa przetwarzania danych osobowych: USTAWA z dnia 10 maja 2018 r. o ochronie danych osobowych oraz ROZPORZ\u0104DZENIE PARLAMENTU EUROPEJSKIEGO I RADY (UE) 2016\/679 z dnia 27 kwietnia 2016 r. w sprawie ochrony os\u00f3b fizycznych w zwi\u0105zku z przetwarzaniem danych osobowych i w sprawie swobodnego przep\u0142ywu takich danych oraz uchylenia dyrektywy 95\/46\/WE RODO<\/p>\n\n\n\n<p><strong>DANE OSOBOWE I PRYWATNO<\/strong><strong>\u015a\u0106<\/strong><\/p>\n\n\n\n<p>Je\u015bli zamierzasz za\u0142o\u017cy\u0107 Konto U\u017cytkownika oraz korzysta\u0107 z naszych us\u0142ug, zostaniesz poproszony o podanie nam Twoich danych osobowych.<br>Twoje dane przetwarzane s\u0105 przez nas we wskazanych poni\u017cej celach, zwi\u0105zanych z funkcjonowaniem Sklepu i \u015bwiadczeniem us\u0142ug w nim oferowanych (\u201eUs\u0142ugi\u201d).<\/p>\n\n\n\n<p><strong>Cel przetwarzania:<\/strong><\/p>\n\n\n\n<p>Wszystkie dane osobowe zbierane na stronie internetowej www.ternura.pl s\u0105 wykorzystywane w niezb\u0119dnym zakresie wy\u0142\u0105cznie do technicznego administrowania witryn\u0105, indywidualnego wsparcia, administracji u\u017cytkownika oraz do marketingu i wysy\u0142ki zam\u00f3wionych towar\u00f3w.<\/p>\n\n\n\n<p><strong>Podstawa przetwarzania:<\/strong><\/p>\n\n\n\n<ul class=\"wp-block-list\">\n<li>Umowa sprzeda\u017cy lub dzia\u0142ania podejmowane na Twoje \u017c\u0105danie, zmierzaj\u0105ce do jej zawarcia (art. 6 ust. 1 lit. b RODO)<\/li>\n\n\n\n<li>Ci\u0105\u017c\u0105cy na nas obowi\u0105zek prawny, np. zwi\u0105zany z rachunkowo\u015bci\u0105 (art. 6 ust. 1 lit. c RODO)<\/li>\n\n\n\n<li>Umowa o \u015bwiadczenie us\u0142ug lub dzia\u0142ania podejmowane na Twoje \u017c\u0105danie, zmierzaj\u0105ce do jej zawarcia (art. 6 ust. 1 lit. b RODO)<\/li>\n\n\n\n<li>Nasz prawnie uzasadniony interes, polegaj\u0105cy na przetwarzaniu danych w celu ustalenia, dochodzenia lub obrony ewentualnych roszcze\u0144 (art. 6 ust. 1 lit. f RODO)<\/li>\n\n\n\n<li>Nasz prawnie uzasadniony interes, polegaj\u0105cy na prowadzeniu marketingu bezpo\u015bredniego (art. 6 ust. 1 lit. f RODO)<\/li>\n\n\n\n<li>Nasz prawnie uzasadniony interes polegaj\u0105cy na przetwarzaniu danych w celach analitycznych i statystycznych (art. 6 ust. 1 lit. f RODO)<\/li>\n\n\n\n<li>Nasz prawnie uzasadniony interes polegaj\u0105cy na badaniu satysfakcji klient\u00f3w (art. 6 ust. 1 lit. f RODO)<\/li>\n<\/ul>\n\n\n\n<p><strong>Podanie danych:<\/strong><\/p>\n\n\n\n<ul class=\"wp-block-list\">\n<li>Dobrowolne, ale w niekt\u00f3rych przypadkach mo\u017ce by\u0107 konieczne do zawarcia umowy.<\/li>\n<\/ul>\n\n\n\n<p><strong>Skutek niepodania danych:<\/strong><\/p>\n\n\n\n<p>W zale\u017cno\u015bci od celu, w jakim dane s\u0105 podawane:<\/p>\n\n\n\n<ul class=\"wp-block-list\">\n<li>brak mo\u017cliwo\u015bci zarejestrowania si\u0119 w Sklepie<\/li>\n\n\n\n<li>brak mo\u017cliwo\u015bci dokonania zakup\u00f3w w Sklepie<\/li>\n<\/ul>\n\n\n\n<p><strong>OKRES PRZETWARZANIA<\/strong><\/p>\n\n\n\n<p>Twoje dane b\u0119dziemy przetwarza\u0107 tylko przez okres, w kt\u00f3rym b\u0119dziemy mie\u0107 ku temu podstaw\u0119 prawn\u0105, a wi\u0119c do momentu, w kt\u00f3rym:<\/p>\n\n\n\n<ul class=\"wp-block-list\">\n<li>przestanie ci\u0105\u017cy\u0107 na nas obowi\u0105zek prawny, zobowi\u0105zuj\u0105cy nas do przetwarzania Twoich danych<\/li>\n\n\n\n<li>ustanie mo\u017cliwo\u015b\u0107 ustalania, dochodzenia lub obrony ewentualnych roszcze\u0144 zwi\u0105zanych z umow\u0105 zawart\u0105 przez Sklep przez strony<\/li>\n\n\n\n<li>zostanie przyj\u0119ty Tw\u00f3j sprzeciw wobec przetwarzania Twoich danych osobowych &#8211; w przypadku gdy podstaw\u0105 przetwarzania Twoich danych by\u0142 uzasadniony interes administratora lub gdy dane by\u0142y przetwarzane w celu marketingu bezpo\u015bredniego<\/li>\n<\/ul>\n\n\n\n<p>&#8211; w zale\u017cno\u015bci od tego, co ma zastosowanie w danym przypadku i co nast\u0105pi najp\u00f3\u017aniej.<\/p>\n\n\n\n<p><strong>BEZPIECZE<\/strong><strong>\u0143<\/strong><strong>STWO DANYCH<\/strong><\/p>\n\n\n\n<p>Przetwarzaj\u0105c Twoje dane osobowe stosujemy \u015brodki organizacyjne i techniczne zgodne z w\u0142a\u015bciwymi przepisami prawa.<\/p>\n\n\n\n<p><strong>TWOJE UPRAWNIENIA<\/strong><\/p>\n\n\n\n<p>Przys\u0142uguje Ci prawo \u017c\u0105dania:<\/p>\n\n\n\n<ul class=\"wp-block-list\">\n<li>dost\u0119pu do Twoich danych osobowych,<\/li>\n\n\n\n<li>ich sprostowania,<\/li>\n\n\n\n<li>usuni\u0119cia,<\/li>\n\n\n\n<li>ograniczenia przetwarzania,<\/li>\n\n\n\n<li>\u017c\u0105dania przeniesienia danych do innego administratora,<\/li>\n<\/ul>\n\n\n\n<p>A tak\u017ce:<\/p>\n\n\n\n<ul class=\"wp-block-list\">\n<li>wniesienia w dowolnym momencie sprzeciwu wobec przetwarzania Twoich danych:\n<ul class=\"wp-block-list\">\n<li>z przyczyn zwi\u0105zanych z Twoj\u0105 szczeg\u00f3ln\u0105 sytuacj\u0105 \u2013 wobec przetwarzania dotycz\u0105cych Ciebie danych osobowych, opartego na art. 6 ust. 1 lit. f RODO (tj. na prawnie uzasadnionych interesach realizowanych przez administratora),<\/li>\n\n\n\n<li>je\u017celi dane osobowe s\u0105 przetwarzane na potrzeby marketingu bezpo\u015bredniego, w zakresie, w jakim przetwarzanie jest zwi\u0105zane z takim marketingiem bezpo\u015brednim.<\/li>\n<\/ul>\n<\/li>\n<\/ul>\n\n\n\n<p>Skontaktuj si\u0119 z nami, je\u015bli chcesz skorzysta\u0107 ze swoich praw.<\/p>\n\n\n\n<p>Je\u015bli uznasz, \u017ce Twoje dane s\u0105 przetwarzane niezgodnie z prawem, mo\u017cesz z\u0142o\u017cy\u0107 skarg\u0119 do organu nadzorczego.<\/p>\n\n\n\n<p><strong>CIASTECZKA<\/strong><\/p>\n\n\n\n<p>Nasz Sklep, jak wi\u0119kszo\u015b\u0107 witryn internetowych, korzysta z tzw. plik\u00f3w cookies (ciasteczek). Pliki te:<\/p>\n\n\n\n<ul class=\"wp-block-list\">\n<li>s\u0105 zapisywane w pami\u0119ci Twojego urz\u0105dzenia (komputera, telefonu, itd.)<\/li>\n\n\n\n<li>umo\u017cliwiaj\u0105 Ci, <a target=\"_blank\" href=\"http:\/\/m.in\/\" rel=\"noreferrer noopener\">m.in<\/a>., korzystanie ze wszystkich funkcji Sklepu<\/li>\n\n\n\n<li>nie powoduj\u0105 zmian w ustawieniach Twojego urz\u0105dzenia<\/li>\n<\/ul>\n\n\n\n<p>Korzystaj\u0105c z odpowiednich opcji Twojej przegl\u0105darki, w ka\u017cdej chwili mo\u017cesz:<\/p>\n\n\n\n<ul class=\"wp-block-list\">\n<li>usun\u0105\u0107 pliki cookies<\/li>\n\n\n\n<li>blokowa\u0107 wykorzystanie plik\u00f3w cookies w przysz\u0142o\u015bci<\/li>\n<\/ul>\n\n\n\n<p>W tym Sklepie ciasteczka wykorzystywane s\u0105 w celu:<\/p>\n\n\n\n<ul class=\"wp-block-list\">\n<li>zapami\u0119tywania informacji o Twojej sesji<\/li>\n\n\n\n<li>statystycznym<\/li>\n\n\n\n<li>marketingowym<\/li>\n\n\n\n<li>udost\u0119pniania funkcji Sklepu<\/li>\n<\/ul>\n\n\n\n<p>Aby dowiedzie\u0107 si\u0119 jak zarz\u0105dza\u0107 plikami cookies, w tym jak wy\u0142\u0105czy\u0107 ich obs\u0142ug\u0119 w Twojej przegl\u0105darce, mo\u017cesz skorzysta\u0107 z pliku pomocy Twojej przegl\u0105darki. Z informacjami na ten temat mo\u017cesz zapozna\u0107 si\u0119 wciskaj\u0105c klawisz F1 w przegl\u0105darce. Ponadto odpowiednie wskaz\u00f3wki znajdziesz na nast\u0119puj\u0105cych podstronach, w zale\u017cno\u015bci od przegl\u0105darki, kt\u00f3rej u\u017cywasz:<\/p>\n\n\n\n<ul class=\"wp-block-list\">\n<li><a target=\"_blank\" href=\"https:\/\/support.mozilla.org\/pl\/kb\/W%C5%82%C4%85czanie%20i%20wy%C5%82%C4%85czanie%20obs%C5%82ugi%20ciasteczek\" rel=\"noreferrer noopener\">Firefox<\/a><\/li>\n\n\n\n<li><a target=\"_blank\" href=\"https:\/\/support.google.com\/chrome\/answer\/95647?hl=plX\" rel=\"noreferrer noopener\">Chrome<\/a><\/li>\n\n\n\n<li><a target=\"_blank\" href=\"https:\/\/support.apple.com\/kb\/PH5042?locale=en_US\" rel=\"noreferrer noopener\">Safari<\/a><\/li>\n\n\n\n<li><a target=\"_blank\" href=\"http:\/\/windows.microsoft.com\/pl-pl\/windows-10\/edge-privacy-faq\" rel=\"noreferrer noopener\">Internet Explorer \/ Microsoft Edge<\/a><\/li>\n<\/ul>\n\n\n\n<p>Wi\u0119cej informacji o ciasteczkach znajdziesz w <a target=\"_blank\" href=\"https:\/\/pl.wikipedia.org\/wiki\/HTTP_cookie\" rel=\"noreferrer noopener\">Wikipedii<\/a>.<\/p>\n\n\n\n<p><strong>US<\/strong><strong>\u0141<\/strong><strong>UGI ZEWN<\/strong><strong>\u0118<\/strong><strong>TRZNE \/ ODBIORCY DANYCH<\/strong><\/p>\n\n\n\n<p>Korzystamy z us\u0142ug podmiot\u00f3w zewn\u0119trznych, kt\u00f3rym mog\u0105 by\u0107 przekazywane Twoje dane. Poni\u017cej znajduje si\u0119 lista mo\u017cliwych odbiorc\u00f3w Twoich danych:<\/p>\n\n\n\n<ul class=\"wp-block-list\">\n<li>dostawca oprogramowania potrzebnego do prowadzenia sklepu internetowego<\/li>\n\n\n\n<li>dostawca p\u0142atno\u015bci<\/li>\n\n\n\n<li>odpowiednie organy publiczne w zakresie, w jakim Administrator jest zobowi\u0105zany do udost\u0119pnienia im danych<\/li>\n<\/ul>\n\n\n\n<p><strong>KONTAKT Z ADMINISTRATOREM<\/strong><\/p>\n\n\n\n<p>Chcesz skorzysta\u0107 ze swoich uprawnie\u0144 dotycz\u0105cych danych osobowych?<\/p>\n\n\n\n<p>A mo\u017ce po prostu chcesz zapyta\u0107 o co\u015b zwi\u0105zanego z nasz\u0105 Polityk\u0105 Prywatno\u015bci?<\/p>\n\n\n\n<p>Napisz na adres e-mail:<\/p>\n\n\n\n<p><a target=\"_blank\" href=\"mailto:ternura.kontakt@gmail.com\" rel=\"noreferrer noopener\">ternura.kontakt@gmail.com<\/a><\/p>\n","protected":false},"excerpt":{"rendered":"<p>ADMINISTRACJA DANYMI 1. Administratorem Danych Osobowych jest firma Karmelova Karolina Ksi\u0119\u017copolska, wpisan\u0105 do Centralnej Ewidencji i Informacji o Dzia\u0142alno\u015bci Gospodarczej (CEIDG) prowadzonej przez ministra w\u0142a\u015bciwego do spraw gospodarki i prowadzenia Centralnej Ewidencji i Informacji o Dzia\u0142alno\u015bci Gospodarczej, NIP 5213988423, nr REGON 523418329. (dalej: \u201eAdministrator\u201d). 2. U\u017cytkownik nie jest zobligowany do udost\u0119pnienia nam swoich danych osobowych. &hellip; <\/p>\n","protected":false},"author":1,"featured_media":0,"parent":0,"menu_order":0,"comment_status":"closed","ping_status":"closed","template":"","meta":{"_monsterinsights_skip_tracking":false,"_monsterinsights_sitenote_active":false,"_monsterinsights_sitenote_note":"","_monsterinsights_sitenote_category":0,"footnotes":""},"class_list":["post-109","page","type-page","status-publish","hentry"],"aioseo_notices":[],"jetpack_sharing_enabled":true,"_links":{"self":[{"href":"https:\/\/ternura.pl\/index.php?rest_route=\/wp\/v2\/pages\/109","targetHints":{"allow":["GET"]}}],"collection":[{"href":"https:\/\/ternura.pl\/index.php?rest_route=\/wp\/v2\/pages"}],"about":[{"href":"https:\/\/ternura.pl\/index.php?rest_route=\/wp\/v2\/types\/page"}],"author":[{"embeddable":true,"href":"https:\/\/ternura.pl\/index.php?rest_route=\/wp\/v2\/users\/1"}],"replies":[{"embeddable":true,"href":"https:\/\/ternura.pl\/index.php?rest_route=%2Fwp%2Fv2%2Fcomments&post=109"}],"version-history":[{"count":1,"href":"https:\/\/ternura.pl\/index.php?rest_route=\/wp\/v2\/pages\/109\/revisions"}],"predecessor-version":[{"id":110,"href":"https:\/\/ternura.pl\/index.php?rest_route=\/wp\/v2\/pages\/109\/revisions\/110"}],"wp:attachment":[{"href":"https:\/\/ternura.pl\/index.php?rest_route=%2Fwp%2Fv2%2Fmedia&parent=109"}],"curies":[{"name":"wp","href":"https:\/\/api.w.org\/{rel}","templated":true}]}}